{"id":100,"date":"2022-09-04T17:07:25","date_gmt":"2022-09-04T20:07:25","guid":{"rendered":"https:\/\/alca2022.alacs.org.br\/?page_id=100"},"modified":"2022-09-06T15:05:39","modified_gmt":"2022-09-06T18:05:39","slug":"acomodacoes-facilities","status":"publish","type":"page","link":"https:\/\/alca2022.alacs.org.br\/index.php\/acomodacoes-facilities\/","title":{"rendered":"Acomoda\u00e7\u00f5es \/ Lodging"},"content":{"rendered":"\t\t<div data-elementor-type=\"wp-page\" data-elementor-id=\"100\" class=\"elementor elementor-100\">\n\t\t\t\t\t\t\t\t\t<section class=\"elementor-section elementor-top-section elementor-element elementor-element-d6d11b7 elementor-section-boxed elementor-section-height-default elementor-section-height-default\" data-id=\"d6d11b7\" data-element_type=\"section\">\n\t\t\t\t\t\t<div class=\"elementor-container elementor-column-gap-default\">\n\t\t\t\t\t<div class=\"elementor-column elementor-col-100 elementor-top-column elementor-element elementor-element-55eb89d\" data-id=\"55eb89d\" data-element_type=\"column\">\n\t\t\t<div class=\"elementor-widget-wrap elementor-element-populated\">\n\t\t\t\t\t\t\t\t<div class=\"elementor-element elementor-element-7b8d1fb elementor-widget elementor-widget-menu-anchor\" data-id=\"7b8d1fb\" data-element_type=\"widget\" data-widget_type=\"menu-anchor.default\">\n\t\t\t\t<div class=\"elementor-widget-container\">\n\t\t\t<style>\/*! elementor - v3.7.1 - 14-08-2022 *\/\nbody.elementor-page .elementor-widget-menu-anchor{margin-bottom:0}<\/style>\t\t<div id=\"topo\" class=\"elementor-menu-anchor\"><\/div>\n\t\t\t\t<\/div>\n\t\t\t\t<\/div>\n\t\t\t\t\t<\/div>\n\t\t<\/div>\n\t\t\t\t\t\t\t<\/div>\n\t\t<\/section>\n\t\t\t\t<section class=\"elementor-section elementor-top-section elementor-element elementor-element-7b3fe43 elementor-section-boxed elementor-section-height-default elementor-section-height-default\" data-id=\"7b3fe43\" data-element_type=\"section\">\n\t\t\t\t\t\t<div class=\"elementor-container elementor-column-gap-default\">\n\t\t\t\t\t<div class=\"elementor-column elementor-col-100 elementor-top-column elementor-element elementor-element-a226391\" data-id=\"a226391\" data-element_type=\"column\">\n\t\t\t<div class=\"elementor-widget-wrap elementor-element-populated\">\n\t\t\t\t\t\t\t\t<div class=\"elementor-element elementor-element-67a69b2 elementor-widget elementor-widget-text-editor\" data-id=\"67a69b2\" data-element_type=\"widget\" data-widget_type=\"text-editor.default\">\n\t\t\t\t<div class=\"elementor-widget-container\">\n\t\t\t<style>\/*! elementor - v3.7.1 - 14-08-2022 *\/\n.elementor-widget-text-editor.elementor-drop-cap-view-stacked .elementor-drop-cap{background-color:#818a91;color:#fff}.elementor-widget-text-editor.elementor-drop-cap-view-framed .elementor-drop-cap{color:#818a91;border:3px solid;background-color:transparent}.elementor-widget-text-editor:not(.elementor-drop-cap-view-default) .elementor-drop-cap{margin-top:8px}.elementor-widget-text-editor:not(.elementor-drop-cap-view-default) .elementor-drop-cap-letter{width:1em;height:1em}.elementor-widget-text-editor .elementor-drop-cap{float:left;text-align:center;line-height:1;font-size:50px}.elementor-widget-text-editor .elementor-drop-cap-letter{display:inline-block}<\/style>\t\t\t\t<p>Segue uma lista de hot\u00e9is e restaurantes pr\u00f3ximos ao evento.\u00a0<\/p><p>Contato e reserva devem ser feitos diretamente pelo participante.\u00a0<\/p><p>Os organizadores eximem-se de quaisquer responsabilidade no que refere ao item aqui tratado.<\/p><p>As informa\u00e7\u00f5es s\u00e3o dos prestadores dos servi\u00e7os e os pre\u00e7os s\u00e3o garantidos at\u00e9 a data do in\u00edcio do evento.<\/p><p>*****************************<\/p><p><em>Here is a list of hotels and restaurants close to the event.<\/em><\/p><p><em>Contact and reservation must be made directly by the participant.<\/em><\/p><p><em>The organizers disclaim any liability with regard to this item.<\/em><\/p><p><em>The information is from the service providers and the prices are guaranteed until the start date of the event.<\/em><\/p>\t\t\t\t\t\t<\/div>\n\t\t\t\t<\/div>\n\t\t\t\t\t<\/div>\n\t\t<\/div>\n\t\t\t\t\t\t\t<\/div>\n\t\t<\/section>\n\t\t\t\t<section class=\"elementor-section elementor-top-section elementor-element elementor-element-001c14c elementor-section-boxed elementor-section-height-default elementor-section-height-default\" data-id=\"001c14c\" data-element_type=\"section\">\n\t\t\t\t\t\t<div class=\"elementor-container elementor-column-gap-default\">\n\t\t\t\t\t<div class=\"elementor-column elementor-col-100 elementor-top-column elementor-element elementor-element-f488a4e\" data-id=\"f488a4e\" data-element_type=\"column\">\n\t\t\t<div class=\"elementor-widget-wrap elementor-element-populated\">\n\t\t\t\t\t\t\t\t<div class=\"elementor-element elementor-element-4078d59 elementor-widget elementor-widget-text-editor\" data-id=\"4078d59\" data-element_type=\"widget\" data-widget_type=\"text-editor.default\">\n\t\t\t\t<div class=\"elementor-widget-container\">\n\t\t\t\t\t\t\t<p><strong>Hotel Sollievo<\/strong><br \/>Rua Benjamin Constant, 465<br \/>42-3422-1707 (WhatsApp) \/ 42-99821-8172<br \/>Hotelsollievoirati465@gmail.com<br \/>reservas@hoterlsollievo.com.br<br \/>www.hotelsollievo.com.br<br \/><br \/>Possu\u00edmos um total de 48 apartamentos sendo; 2 apartamentos triplos; 10 apartamentos duplos; 37 apartamentos individuais \/ou casal<br \/>Tarif\u00e1rio:<br \/>Individual R$ 165,00; Duplo R$ 250,00; Triplo R$ 330,00 Por\u00e9m, como informado, para esse per\u00edodo temos pouca disponibilidade, devido a um casamento.<br \/>Hor\u00e1rio de Check-in a partir das: 14:00 h. Hor\u00e1rio de Check-out: 12:00 h Todos os apartamentos possuem ar condicionado, frigobar, cofre, cama box, TV LCD 32, TV a cabo, Wi-fi, chuveiros com aquecimento a g\u00e1s. Ainda dispomos de garagem coberta, academia, que podem ser utilizadas sem cobran\u00e7as de taxas extras. O Caf\u00e9 da manh\u00e3 est\u00e1 incluso na hospedagem.Crian\u00e7as e adolescentes, menores de idade em geral, todos devem apresentar documento de identifica\u00e7\u00e3o no ato do Check-in. Crian\u00e7as com 7 anos completos, ou acima, j\u00e1 ser\u00e3o consideradas como pagantes. Caso queira efetuar a reserva pode entrar em contato solicitando pelo e-mail reservas@hotelsollievo.com.br ou pelo telefone\/whats (42) 3422-1707.<br \/>==============================<br \/><br \/><strong>ABIB Hotel<\/strong><br \/>Rua Jo\u00e3o C\u00e2ndido Ferreira, 776A<br \/>42-3422-2500 \/ 42-99917-8384<br \/>abib@abibhotel.com.br<br \/>&#8211; Apartamento Individual (cama solteiro) &#8211; R$ 147,00 \/ di\u00e1ria<br \/>&#8211; Apartamento Individual (cama solteiro) &#8211; R$ 165,00 \/ di\u00e1ria<br \/>&#8211; Apartamento Casal (cama casal 02 pessoas) &#8211; R$ 220,00 \/ di\u00e1ria<br \/>&#8211; Apartamento Duplo (duas camas de solteiro) &#8211; R$ 220,00 \/ di\u00e1ria<br \/>Todos os apartamentos s\u00e3o no padr\u00e3o luxo, com televis\u00e3o, frigobar, ar condicionado (quente e frio), aquecimento a g\u00e1s, telefone e acesso a internet.No valor da di\u00e1ria est\u00e1 incluso o estacionamento e o caf\u00e9 da manh\u00e3.<br \/>Para contato:<br \/>Whats &#8211; (42) 9 9917 8384<br \/>Telefone &#8211; (42) 3422 2500<br \/>E-mail &#8211; abibhote@irati.com.br<br \/>============================<br \/><br \/><strong>Colonial Palace Hotel<\/strong><br \/>Rua Dona Noca, 555<br \/>42-3423-1144<br \/>www.hotelcolonialirati.com.br<br \/>contato@hotelcolonial.com.br<br \/>reservas@hotelcolonial.com.br<br \/>============================<br \/><br \/><strong>Monte L\u00edbano Hotel<\/strong><br \/>Av. Jos\u00e9 Galicioli, 1205<br \/>42-3422-1177 \/ 42-99845-4431<br \/>www.hotelmontelibanoirati.com.br<br \/>contato@hotelmontelibanoirati.com.br<br \/>=============================<br \/><br \/><strong>Hotel Luiz XV<\/strong><br \/>Rua XV de Novembro, 28 &#8211; 42-3422-4048 \/ 42-99964-2276<br \/>Apartamentos simples: com ar, wi-fi, tv, caf\u00e9 da manh\u00e3 e estacionamento inclusos (carros e vans sem ar condicionado na parte superior). INDIVIDUAIS: R$100,00; DUPLOS:R$170,00; TRIPLOS:R$240,00; QU\u00c1DRUPLOS: R$280,00. Apartamentos completos: com ar, wi-fi, tv, frigobar, sacada caf\u00e9 da manh\u00e3 e estacionamento inclusos (carros e vans sem ar condicionado na parte superior); INDIVIDUAIS: R$130,00 DUPLOS: R$200,00; TRIPLOS:R$260,00; QU\u00c1DRUPLOS:300,00. Capacidade para 100 pessoas.<br \/>www.hotelluizxv.com.br<br \/>hotelluizxv@hotmasil.com<br \/>=============================<br \/><br \/><strong>ANILA Hotel e Restaurante<\/strong><br \/>\u2022 BR 277 &#8211; Km 233 &#8211; Fernandes Pinheiro S\/N Zona Rural &#8211; PR, 84535-000<br \/>\u2022 Telefone: +55 (42) 3421-1000<br \/>\u2022 WhatsApp: +55 (42) 3421-1000<br \/>\u2022 Email: anila@anila.com.br<\/p>\t\t\t\t\t\t<\/div>\n\t\t\t\t<\/div>\n\t\t\t\t\t<\/div>\n\t\t<\/div>\n\t\t\t\t\t\t\t<\/div>\n\t\t<\/section>\n\t\t\t\t<section class=\"elementor-section elementor-top-section elementor-element elementor-element-b5dc8f8 elementor-section-boxed elementor-section-height-default elementor-section-height-default\" data-id=\"b5dc8f8\" data-element_type=\"section\">\n\t\t\t\t\t\t<div class=\"elementor-container elementor-column-gap-default\">\n\t\t\t\t\t<div class=\"elementor-column elementor-col-100 elementor-top-column elementor-element elementor-element-56a0c7d\" data-id=\"56a0c7d\" data-element_type=\"column\">\n\t\t\t<div class=\"elementor-widget-wrap elementor-element-populated\">\n\t\t\t\t\t\t\t\t<div class=\"elementor-element elementor-element-31ddecc elementor-widget elementor-widget-button\" data-id=\"31ddecc\" data-element_type=\"widget\" data-widget_type=\"button.default\">\n\t\t\t\t<div class=\"elementor-widget-container\">\n\t\t\t\t\t<div class=\"elementor-button-wrapper\">\n\t\t\t<a href=\"#topo\" class=\"elementor-button-link elementor-button elementor-size-sm\" role=\"button\">\n\t\t\t\t\t\t<span class=\"elementor-button-content-wrapper\">\n\t\t\t\t\t\t<span class=\"elementor-button-text\">Retornar ao topo \/ Return to top<\/span>\n\t\t<\/span>\n\t\t\t\t\t<\/a>\n\t\t<\/div>\n\t\t\t\t<\/div>\n\t\t\t\t<\/div>\n\t\t\t\t\t<\/div>\n\t\t<\/div>\n\t\t\t\t\t\t\t<\/div>\n\t\t<\/section>\n\t\t\t\t\t\t\t<\/div>\n\t\t","protected":false},"excerpt":{"rendered":"<p>Segue uma lista de hot\u00e9is e restaurantes pr\u00f3ximos ao evento.\u00a0 Contato e reserva devem ser feitos diretamente pelo participante.\u00a0 Os organizadores eximem-se de quaisquer responsabilidade no que refere ao item aqui tratado. As informa\u00e7\u00f5es s\u00e3o dos prestadores dos servi\u00e7os e os pre\u00e7os s\u00e3o garantidos at\u00e9 a data do in\u00edcio do evento. ***************************** Here is a [&hellip;]<\/p>\n","protected":false},"author":1,"featured_media":0,"parent":0,"menu_order":0,"comment_status":"closed","ping_status":"closed","template":"","meta":{"om_disable_all_campaigns":false,"_monsterinsights_skip_tracking":false,"_monsterinsights_sitenote_active":false,"_monsterinsights_sitenote_note":"","_monsterinsights_sitenote_category":0},"aioseo_notices":[],"_links":{"self":[{"href":"https:\/\/alca2022.alacs.org.br\/index.php\/wp-json\/wp\/v2\/pages\/100"}],"collection":[{"href":"https:\/\/alca2022.alacs.org.br\/index.php\/wp-json\/wp\/v2\/pages"}],"about":[{"href":"https:\/\/alca2022.alacs.org.br\/index.php\/wp-json\/wp\/v2\/types\/page"}],"author":[{"embeddable":true,"href":"https:\/\/alca2022.alacs.org.br\/index.php\/wp-json\/wp\/v2\/users\/1"}],"replies":[{"embeddable":true,"href":"https:\/\/alca2022.alacs.org.br\/index.php\/wp-json\/wp\/v2\/comments?post=100"}],"version-history":[{"count":11,"href":"https:\/\/alca2022.alacs.org.br\/index.php\/wp-json\/wp\/v2\/pages\/100\/revisions"}],"predecessor-version":[{"id":133,"href":"https:\/\/alca2022.alacs.org.br\/index.php\/wp-json\/wp\/v2\/pages\/100\/revisions\/133"}],"wp:attachment":[{"href":"https:\/\/alca2022.alacs.org.br\/index.php\/wp-json\/wp\/v2\/media?parent=100"}],"curies":[{"name":"wp","href":"https:\/\/api.w.org\/{rel}","templated":true}]}}